{"id":2,"date":"2015-03-21T12:54:03","date_gmt":"2015-03-21T12:54:03","guid":{"rendered":"http:\/\/www.legria.no\/?page_id=2"},"modified":"2017-10-16T09:46:33","modified_gmt":"2017-10-16T07:46:33","slug":"kontakt-oss","status":"publish","type":"page","link":"https:\/\/www.legria.no\/en\/kontakt-oss\/","title":{"rendered":"Contact us"},"content":{"rendered":"<div class=\"row\">\n<div class=\"col span3\">\n<p>CEO: Leif Grindheim<br \/>\nEmail:\u00a0<a href=\"mailto:leif@legria.no\">leif@legria.no<\/a><br \/>\nMobile: +47 952 44 637<\/p>\n<p>Get in touch by using the information above or the contact form below.<\/p>\n<p>[wpforms id=&#8221;777&#8243; title=&#8221;false&#8221; description=&#8221;false&#8221;]<\/p>\n<\/div>\n<div class=\"col span3\">Address:<br \/>\nLegria AS, Medvind N\u00e6ringshage, 5582 \u00d8lensv\u00e5g, Norway<iframe style=\"border: 0;\" data-src=\"https:\/\/www.google.com\/maps\/embed?pb=!1m14!1m8!1m3!1d4038.2587823865906!2d5.743349999999999!3d59.597558999999976!3m2!1i1024!2i768!4f13.1!3m3!1m2!1s0x43ecb52a66d7fd97%3A0x3501ff0bcb96df72!2sLegria+AS!5e0!3m2!1sen!2sde!4v1427462445910\" width=\"600\" height=\"450\" frameborder=\"0\" src=\"data:image\/svg+xml;base64,PHN2ZyB3aWR0aD0iMSIgaGVpZ2h0PSIxIiB4bWxucz0iaHR0cDovL3d3dy53My5vcmcvMjAwMC9zdmciPjwvc3ZnPg==\" class=\"lazyload\" data-load-mode=\"1\"><\/iframe><\/div>\n<\/div>\n","protected":false},"excerpt":{"rendered":"<p>CEO: Leif Grindheim Email:\u00a0leif@legria.no Mobile: +47 952 44 637 Get in touch by using the information above or the contact form below. [wpforms id=&#8221;777&#8243; title=&#8221;false&#8221; description=&#8221;false&#8221;] Address: Legria AS, Medvind N\u00e6ringshage, 5582 \u00d8lensv\u00e5g, Norway<\/p>\n","protected":false},"author":1,"featured_media":0,"parent":0,"menu_order":2,"comment_status":"closed","ping_status":"open","template":"","meta":{"footnotes":""},"class_list":["post-2","page","type-page","status-publish","hentry"],"translation":{"provider":"WPGlobus","version":"3.0.0","language":"en","enabled_languages":["no","en"],"languages":{"no":{"title":true,"content":true,"excerpt":false},"en":{"title":true,"content":true,"excerpt":false}}},"_links":{"self":[{"href":"https:\/\/www.legria.no\/en\/wp-json\/wp\/v2\/pages\/2","targetHints":{"allow":["GET"]}}],"collection":[{"href":"https:\/\/www.legria.no\/en\/wp-json\/wp\/v2\/pages"}],"about":[{"href":"https:\/\/www.legria.no\/en\/wp-json\/wp\/v2\/types\/page"}],"author":[{"embeddable":true,"href":"https:\/\/www.legria.no\/en\/wp-json\/wp\/v2\/users\/1"}],"replies":[{"embeddable":true,"href":"https:\/\/www.legria.no\/en\/wp-json\/wp\/v2\/comments?post=2"}],"version-history":[{"count":26,"href":"https:\/\/www.legria.no\/en\/wp-json\/wp\/v2\/pages\/2\/revisions"}],"predecessor-version":[{"id":780,"href":"https:\/\/www.legria.no\/en\/wp-json\/wp\/v2\/pages\/2\/revisions\/780"}],"wp:attachment":[{"href":"https:\/\/www.legria.no\/en\/wp-json\/wp\/v2\/media?parent=2"}],"curies":[{"name":"wp","href":"https:\/\/api.w.org\/{rel}","templated":true}]}}